{"id":5,"date":"2021-08-08T21:37:24","date_gmt":"2021-08-08T21:37:24","guid":{"rendered":"https:\/\/covidsprey.com\/?page_id=5"},"modified":"2021-08-08T21:37:24","modified_gmt":"2021-08-08T21:37:24","slug":"ana-sayfa","status":"publish","type":"page","link":"https:\/\/covidsprey.com\/","title":{"rendered":"Ana Sayfa"},"content":{"rendered":"<p>Web Sitesi Yap\u0131m A\u015famas\u0131nda<\/p>\n<p>Geoxyn, Geoxyn Burun Spreyi, Covid Burun Spreyi, Covid Nasal Sprey, Kovid Burun Spreyi, Kovid Sprey, Covid 19 Sprey, Covid 19 Burun Sprey, Covid Koruyucu Sprey, Covid Koruyucu Burun Spreyi<\/p>\n","protected":false},"excerpt":{"rendered":"<p>Web Sitesi Yap\u0131m A\u015famas\u0131nda Geoxyn, Geoxyn Burun Spreyi, Covid Burun Spreyi, Covid Nasal Sprey, Kovid Burun Spreyi, Kovid Sprey, Covid 19 Sprey, Covid 19 Burun Sprey, Covid Koruyucu Sprey, Covid Koruyucu Burun Spreyi<\/p>\n","protected":false},"author":1,"featured_media":0,"parent":0,"menu_order":0,"comment_status":"closed","ping_status":"closed","template":"","meta":{"footnotes":""},"class_list":["post-5","page","type-page","status-publish","hentry","entry"],"_links":{"self":[{"href":"https:\/\/covidsprey.com\/index.php\/wp-json\/wp\/v2\/pages\/5","targetHints":{"allow":["GET"]}}],"collection":[{"href":"https:\/\/covidsprey.com\/index.php\/wp-json\/wp\/v2\/pages"}],"about":[{"href":"https:\/\/covidsprey.com\/index.php\/wp-json\/wp\/v2\/types\/page"}],"author":[{"embeddable":true,"href":"https:\/\/covidsprey.com\/index.php\/wp-json\/wp\/v2\/users\/1"}],"replies":[{"embeddable":true,"href":"https:\/\/covidsprey.com\/index.php\/wp-json\/wp\/v2\/comments?post=5"}],"version-history":[{"count":1,"href":"https:\/\/covidsprey.com\/index.php\/wp-json\/wp\/v2\/pages\/5\/revisions"}],"predecessor-version":[{"id":6,"href":"https:\/\/covidsprey.com\/index.php\/wp-json\/wp\/v2\/pages\/5\/revisions\/6"}],"wp:attachment":[{"href":"https:\/\/covidsprey.com\/index.php\/wp-json\/wp\/v2\/media?parent=5"}],"curies":[{"name":"wp","href":"https:\/\/api.w.org\/{rel}","templated":true}]}}